{"id":1747,"date":"2018-04-17T09:34:45","date_gmt":"2018-04-17T07:34:45","guid":{"rendered":"http:\/\/www.bredinpratfoundation.org\/?page_id=1747"},"modified":"2019-05-13T15:47:56","modified_gmt":"2019-05-13T13:47:56","slug":"mentions-legales","status":"publish","type":"page","link":"https:\/\/www.bredinpratfoundation.org\/en\/mentions-legales\/","title":{"rendered":"Legal notices"},"content":{"rendered":"","protected":false},"excerpt":{"rendered":"","protected":false},"author":5,"featured_media":0,"parent":0,"menu_order":0,"comment_status":"closed","ping_status":"closed","template":"dotations.php","meta":{"footnotes":""},"class_list":["post-1747","page","type-page","status-publish","hentry"],"acf":{"img_float":false,"he_color":"","dot_flex_content":[{"acf_fc_layout":"bloc_simple_txt","dot_flex_txt":"<p><span style=\"text-decoration: underline;\"><strong>LEGAL NOTICES<\/strong><\/span><\/p>\n<p>This is an English translation for information purposes only.<\/p>\n<p>This website, accessible via the URL[s] www.bredinpratfoundation.org [www. bredinpratfoundation.fr &amp; www. bredinpratfoundation.com &amp; www.prixjeanfrancoisprat.com &amp; www.bredinprat.com, www.bredinprat.fr, www.bredinprat.eu](the \u201cWebsite\u201d), is provided by:<br \/>\nthe Fonds de dotation Bredin Prat pour l\u2019art Contemporain (the \u201cFoundation\u201d or the &#8220;Bredin Prat Foundation&#8221;),<br \/>\na non profit organization, whose offices are located at:<br \/>\n53\u00a0quai d\u2019Orsay,\u00a075007 Paris \u2013 France (Tel.: +33 (0)1 44 35 35 35) .<br \/>\nSIRET number: 834 442 014 00017<br \/>\nThe Editor of this WebSite is Fr\u00e9d\u00e9ric Bri\u00e8re.<br \/>\nThe web host is\u00a0OVH\u00a02 rue Kellermann &#8211; 59100 Roubaix \u2013 France + 33 9 72 10 10 07<br \/>\nCreation: Maecia &#8211;\u00a0www.maecia.com<\/p>\n<h2 id=\"mce_20\" class=\"editor-rich-text__tinymce mce-content-body\" role=\"textbox\" contenteditable=\"true\" aria-label=\"R\u00e9digez un titre\u2026\" aria-autocomplete=\"list\" aria-multiline=\"true\" data-is-placeholder-visible=\"false\"><span style=\"text-decoration: underline;\"><strong>PRIVACY POLICY<\/strong><\/span><\/h2>\n<p>in accordance with the French Data Protection Law of 6 January 1978 (as amended) and the EU General Data Protection Regulation of 27 April 2016 (the \u201cGDPR\u201d), we hereby inform you that the Bredin Prat Foundation is the sole recipient of the information and personal data submitted via this website, and such information and data shall not be transferred to persons outside the firm.<br \/>\nThe personal data is collected for specific purposes, and the persons concerned (referred to as data subjects) are informed of those purposes. This data may not be subsequently used in a manner which is contrary to those purposes. This data is collected in a transparent manner; no data is collected covertly or without the data subjects having been informed that data is being collected.<br \/>\nThe data requested is optional when such data is not necessary in order for us to respond to a request for information or services or, more generally, to perform an obligation.<br \/>\nDepending on the services you would like to request, you will be asked to provide certain information which may be mandatory and\/or optional. We undertake to respect your right to privacy and to protect the information you provide to us. We will only retain the information collected for as long as is necessary to process your requests and\/or to perform the services requested in accordance with the regulations in force.<br \/>\nWe have taken security measures at a technical, as well as at an organisational level, to protect the data collected from opportunistic or intentional improper use and from data loss or destruction, and to prevent it from being accessed by unauthorised persons.<br \/>\nWe also require that all of our third-party providers supply appropriate guarantees to ensure personal data remains secure and confidential.<\/p>\n<p><strong>Your rights:<\/strong><br \/>\nYou have the right to access, rectify, obtain a copy of and transfer, and erase your personal data, to limit or oppose the processing of your personal data, and to state what you would like to happen to your personal data when you die. You may exercise these rights at any time by contacting us at the following addresses:<br \/>\ncontact@bredinpratfoundation.org<br \/>\nFonds de dotation Bredin Prat pour l&#8217;art contemporain, 53 quai d\u2019Orsay, 75007 Paris, France.<\/p>\n<p>Your data provided via this website is collected mainly for the following purposes:<br \/>\n\u2013 managing request from the general public for visiting the collection and exhibitions<br \/>\n\u2013 managing of gala, &amp; specific opening events<br \/>\n\u2013 managing partnerships, sponsorships, or collaboration of any type<br \/>\n\u2013 information requests<br \/>\nFor security reasons and to avoid any wrongful or fraudulent requests, all requests must be accompanied by a photocopy of signed identity papers, which will be used solely for the purposes of processing the request and will be deleted immediately after such processing has been completed.<br \/>\nThe information collected will not be disclosed to third parties, except in the case of established breach of legal or regulatory provisions, in which case this information may be disclosed if expressly requested by judicial authorities and they give the reasons for such request.<br \/>\nIn view of changing laws and regulations, we will be regularly updating this privacy policy to ensure your data is protected.<\/p>\n<p><span style=\"text-decoration: underline;\"><strong>TERMS OF USE<\/strong><\/span><\/p>\n<p>These terms of use govern the use of this website and its services.<br \/>\nThe terms of use applicable are those in force at the time of connection to the website. We reserve the right to amend, at any time and without notice, these terms of use.<br \/>\nBy using and viewing this website, as user, you accept to be bound by and comply with these terms of use that you acknowledge you have read, understood and accepted in their entirety.<br \/>\nIf you do not accept these terms of use, please do not view the website or download any of its content.<\/p>\n<p>Article 1 \u2013 Access to the website<br \/>\nAccessing and using the website must be for strictly personal use only. You undertake not to use this website and the information or data displayed on it for commercial, political or advertising purposes or for any form of sales canvassing and notably for sending unsolicited emails.<\/p>\n<p>Article 2 \u2013 Website content<br \/>\nAll the content which constitutes this website (text, photographs, illustrations, logos, icons, downloadable files, video or audio clips, etc.) is owned exclusively by the Bredin Prat Foundation and is, as the case may be, protected by French legal and international treaty provisions relating to intellectual property.<br \/>\nAny presentation and\/or reproduction and\/or exploitation, in part or in whole, of the content and services proposed on this website, by any process whatsoever, without the prior written consent of Bredin Prat is strictly prohibited and may constitute an infringement of copyright within the meaning of articles L. 335-2 et seq. of the French Intellectual Property Code. In particular, no page from this website may be reproduced on a web page not belonging to the Bredin Prat Foundation<br \/>\nLikewise, the inclusion on other websites of any links to pages other than the home page of this website requires the express prior written consent of the Bredin Prat Foundation. The information available on this website is not contractually binding and may be amended without notice.<br \/>\nThe databases on this website are notably protected by articles L. 341-1 et seq. of the French Intellectual Property Code, particularly as regards extraction or reproduction, to a material qualititative or quantitative extent, of their content.<br \/>\nThe trademarks and logos on the website are marks which have been registered by the Bredin Prat Foundation or by third parties. Any reproduction, copying or use, in whole or in part, of these marks without express authorisation, in breach of articles L. 713-2 et seq. of the French Intellectual Property Code, may result in legal action being taken.<br \/>\nOther marks, notably company names, trade names and domain names, reproduced on the website are owned by the Bredin Prat Foundation or by third parties. Any reproduction without express authorisation may constitute illegal use and the person committing such act may be held liable on the grounds of article 1240 of the French Civil Code.<\/p>\n<p>Article 3 \u2013 Website management<br \/>\nTo ensure the website functions properly, the Bredin Prat Foundation may at any time:<br \/>\nsuspend, stop or limit access to the whole or part of the website, reserve access to the website, or to certain parts of the website, for a specific category of user; delete any information which could cause disruption to the website or which is contrary to national or international laws, or to the rules of netiquette; take the website offline in order to update content.<\/p>\n<p>Article 4 \u2013 Liability<br \/>\nThe Bredin Prat Foundation shall not be held directly or indirectly liable in any respect whatsoever and on any grounds whatsoever concerning, in particular:<br \/>\n\u2013 inefficient functioning of the website;<br \/>\n\u2013 loss of data or services resulting from deadlines not being met, or resulting from altering, suspending or stopping the website\u2019s services;<br \/>\n\u2013 the accuracy, the quality or the nature of the information obtained through its services;<br \/>\n\u2013 the direct or indirect consequences of transmitting a virus via its servers;<br \/>\n\u2013 the website being taken offline for maintenance or because of users\u2019 behaviour;<br \/>\n\u2013 access to the website being denied;<br \/>\n\u2013 contamination of users\u2019 computers as a result of the propagation of a virus or other type of malware.<br \/>\nAs user of the website, it is your responsibility to take all appropriate measures to protect your own data and\/or software from contamination from potential viruses circulating on the Internet.<br \/>\nThe Bredin Prat Foundation shall not be held liable either for any direct or indirect loss or damage which may arise from the use of the website or on the contrary inability to access the website, following wrongful use of the website by the user. The information provided is not contractually binding.<br \/>\nThe website may contain links to other websites not managed and\/or published by the Bredin Prat Foundation. The Bredin Prat Foundation has no control whatsoever over the information, products or services proposed by these other websites and shall on no account be held liable for the content of such websites.<br \/>\nYou undertake to indemnify and hold harmless the Bredin Prat Foundation against any actions for damages, any claims, losses, costs, lost profit, loss of data, and any other direct or indirect damage or loss resulting from your failure to comply with any of the provisions of these terms of use.<\/p>\n<p>Article 5 \u2013 Links<br \/>\nSetting up links to the whole or parts of this website is strictly prohibited without the prior written consent of the Bredin Prat Foundation. Requests for consent should be sent to the following address: contact@bredinpratfoundation.org<br \/>\nThe Bredin Prat Foundation is free to refuse to grant this consent and does not have to give the reasons for doing so. If consent is granted by the Bredin Prat Foundation, such consent shall in any event be only temporary and may be withdrawn at any time, without the Bredin Prat Foundation having to give reasons for the decision to withdraw consent.<br \/>\nIn any event, any link must be removed if the website publisher so requests. The website publisher has no control over the information accessible via a link to other websites and shall not be held liable as regards the content of these other websites.<\/p>\n<p>Article 6 \u2013 Governing law<br \/>\nThese terms of use of the website are governed by French law and the courts of Paris shall have jurisdiction to hear any related dispute.<br \/>\nIn the event that any provision of these terms of use were to be declared invalid or unenforceable, such provision must be interpreted in a manner reflecting as closely as possible the intentions of the parties, and the remaining provisions shall remain in full force and effect.<br \/>\nIf the Bredin Prat Foundation does not implement or fails to state its intention to implement any of the provisions of these terms of use or of any right, this shall on no account be interpreted as a waiver by the Bredin Prat Foundation of such provision or such right.<\/p>\n<p>Article 7 \u2013 Contact us<br \/>\nIf you have any questions on the information presented on the website, or concerning the website itself, please send an email to:\u00a0<strong>contact@bredinpratfoundation.org<\/strong><\/p>\n"}],"desc":"","pf_visibility":false},"yoast_head":"<!-- This site is optimized with the Yoast SEO plugin v26.9 - https:\/\/yoast.com\/product\/yoast-seo-wordpress\/ -->\n<title>Legal notices - Le fonds de dotation Bredin Prat pour l&#039;art contemporain<\/title>\n<meta name=\"robots\" content=\"index, follow, max-snippet:-1, max-image-preview:large, max-video-preview:-1\" \/>\n<link rel=\"canonical\" href=\"https:\/\/www.bredinpratfoundation.org\/en\/mentions-legales\/\" \/>\n<meta property=\"og:locale\" content=\"en_US\" \/>\n<meta property=\"og:type\" content=\"article\" \/>\n<meta property=\"og:title\" content=\"Legal notices - Le fonds de dotation Bredin Prat pour l&#039;art contemporain\" \/>\n<meta property=\"og:url\" content=\"https:\/\/www.bredinpratfoundation.org\/en\/mentions-legales\/\" \/>\n<meta property=\"og:site_name\" content=\"Le fonds de dotation Bredin Prat pour l&#039;art contemporain\" \/>\n<meta property=\"article:modified_time\" content=\"2019-05-13T13:47:56+00:00\" \/>\n<meta name=\"twitter:card\" content=\"summary_large_image\" \/>\n<script type=\"application\/ld+json\" class=\"yoast-schema-graph\">{\"@context\":\"https:\/\/schema.org\",\"@graph\":[{\"@type\":\"WebPage\",\"@id\":\"https:\/\/www.bredinpratfoundation.org\/en\/mentions-legales\/\",\"url\":\"https:\/\/www.bredinpratfoundation.org\/en\/mentions-legales\/\",\"name\":\"Legal notices - Le fonds de dotation Bredin Prat pour l&#039;art contemporain\",\"isPartOf\":{\"@id\":\"https:\/\/www.bredinpratfoundation.org\/#website\"},\"datePublished\":\"2018-04-17T07:34:45+00:00\",\"dateModified\":\"2019-05-13T13:47:56+00:00\",\"breadcrumb\":{\"@id\":\"https:\/\/www.bredinpratfoundation.org\/en\/mentions-legales\/#breadcrumb\"},\"inLanguage\":\"en-US\",\"potentialAction\":[{\"@type\":\"ReadAction\",\"target\":[\"https:\/\/www.bredinpratfoundation.org\/en\/mentions-legales\/\"]}]},{\"@type\":\"BreadcrumbList\",\"@id\":\"https:\/\/www.bredinpratfoundation.org\/en\/mentions-legales\/#breadcrumb\",\"itemListElement\":[{\"@type\":\"ListItem\",\"position\":1,\"name\":\"Accueil\",\"item\":\"https:\/\/www.bredinpratfoundation.org\/en\/\"},{\"@type\":\"ListItem\",\"position\":2,\"name\":\"Legal notices\"}]},{\"@type\":\"WebSite\",\"@id\":\"https:\/\/www.bredinpratfoundation.org\/#website\",\"url\":\"https:\/\/www.bredinpratfoundation.org\/\",\"name\":\"Le fonds de dotation Bredin Prat pour l&#039;art contemporain\",\"description\":\"Le Fonds soutient la peinture contemporaine et la photo\",\"potentialAction\":[{\"@type\":\"SearchAction\",\"target\":{\"@type\":\"EntryPoint\",\"urlTemplate\":\"https:\/\/www.bredinpratfoundation.org\/?s={search_term_string}\"},\"query-input\":{\"@type\":\"PropertyValueSpecification\",\"valueRequired\":true,\"valueName\":\"search_term_string\"}}],\"inLanguage\":\"en-US\"}]}<\/script>\n<!-- \/ Yoast SEO plugin. -->","yoast_head_json":{"title":"Legal notices - Le fonds de dotation Bredin Prat pour l&#039;art contemporain","robots":{"index":"index","follow":"follow","max-snippet":"max-snippet:-1","max-image-preview":"max-image-preview:large","max-video-preview":"max-video-preview:-1"},"canonical":"https:\/\/www.bredinpratfoundation.org\/en\/mentions-legales\/","og_locale":"en_US","og_type":"article","og_title":"Legal notices - Le fonds de dotation Bredin Prat pour l&#039;art contemporain","og_url":"https:\/\/www.bredinpratfoundation.org\/en\/mentions-legales\/","og_site_name":"Le fonds de dotation Bredin Prat pour l&#039;art contemporain","article_modified_time":"2019-05-13T13:47:56+00:00","twitter_card":"summary_large_image","schema":{"@context":"https:\/\/schema.org","@graph":[{"@type":"WebPage","@id":"https:\/\/www.bredinpratfoundation.org\/en\/mentions-legales\/","url":"https:\/\/www.bredinpratfoundation.org\/en\/mentions-legales\/","name":"Legal notices - Le fonds de dotation Bredin Prat pour l&#039;art contemporain","isPartOf":{"@id":"https:\/\/www.bredinpratfoundation.org\/#website"},"datePublished":"2018-04-17T07:34:45+00:00","dateModified":"2019-05-13T13:47:56+00:00","breadcrumb":{"@id":"https:\/\/www.bredinpratfoundation.org\/en\/mentions-legales\/#breadcrumb"},"inLanguage":"en-US","potentialAction":[{"@type":"ReadAction","target":["https:\/\/www.bredinpratfoundation.org\/en\/mentions-legales\/"]}]},{"@type":"BreadcrumbList","@id":"https:\/\/www.bredinpratfoundation.org\/en\/mentions-legales\/#breadcrumb","itemListElement":[{"@type":"ListItem","position":1,"name":"Accueil","item":"https:\/\/www.bredinpratfoundation.org\/en\/"},{"@type":"ListItem","position":2,"name":"Legal notices"}]},{"@type":"WebSite","@id":"https:\/\/www.bredinpratfoundation.org\/#website","url":"https:\/\/www.bredinpratfoundation.org\/","name":"Le fonds de dotation Bredin Prat pour l&#039;art contemporain","description":"Le Fonds soutient la peinture contemporaine et la photo","potentialAction":[{"@type":"SearchAction","target":{"@type":"EntryPoint","urlTemplate":"https:\/\/www.bredinpratfoundation.org\/?s={search_term_string}"},"query-input":{"@type":"PropertyValueSpecification","valueRequired":true,"valueName":"search_term_string"}}],"inLanguage":"en-US"}]}},"_links":{"self":[{"href":"https:\/\/www.bredinpratfoundation.org\/en\/wp-json\/wp\/v2\/pages\/1747","targetHints":{"allow":["GET"]}}],"collection":[{"href":"https:\/\/www.bredinpratfoundation.org\/en\/wp-json\/wp\/v2\/pages"}],"about":[{"href":"https:\/\/www.bredinpratfoundation.org\/en\/wp-json\/wp\/v2\/types\/page"}],"author":[{"embeddable":true,"href":"https:\/\/www.bredinpratfoundation.org\/en\/wp-json\/wp\/v2\/users\/5"}],"replies":[{"embeddable":true,"href":"https:\/\/www.bredinpratfoundation.org\/en\/wp-json\/wp\/v2\/comments?post=1747"}],"version-history":[{"count":17,"href":"https:\/\/www.bredinpratfoundation.org\/en\/wp-json\/wp\/v2\/pages\/1747\/revisions"}],"predecessor-version":[{"id":2129,"href":"https:\/\/www.bredinpratfoundation.org\/en\/wp-json\/wp\/v2\/pages\/1747\/revisions\/2129"}],"wp:attachment":[{"href":"https:\/\/www.bredinpratfoundation.org\/en\/wp-json\/wp\/v2\/media?parent=1747"}],"curies":[{"name":"wp","href":"https:\/\/api.w.org\/{rel}","templated":true}]}}